{"id":7,"date":"2015-01-27T11:54:04","date_gmt":"2015-01-27T11:54:04","guid":{"rendered":"https:\/\/avada.theme-fusion.com_demos\/travel\/?page_id=7"},"modified":"2026-04-17T15:15:46","modified_gmt":"2026-04-17T15:15:46","slug":"home","status":"publish","type":"page","link":"https:\/\/jubla-weggis.ch\/jj\/","title":{"rendered":"Home"},"content":{"rendered":"<p><div class=\"fusion-fullwidth fullwidth-box fusion-builder-row-1 hundred-percent-fullwidth non-hundred-percent-height-scrolling fusion-equal-height-columns\" style=\"--awb-background-position:left top;--awb-border-sizes-top:0px;--awb-border-sizes-bottom:0px;--awb-border-sizes-left:0px;--awb-border-sizes-right:0px;--awb-border-radius-top-left:0px;--awb-border-radius-top-right:0px;--awb-border-radius-bottom-right:0px;--awb-border-radius-bottom-left:0px;--awb-padding-top:90px;--awb-padding-right:0px;--awb-padding-bottom:0px;--awb-padding-left:0px;--awb-flex-wrap:wrap;\" ><div class=\"fusion-builder-row fusion-row\"><div class=\"fusion-layout-column fusion_builder_column fusion-builder-column-0 fusion_builder_column_1_2 1_2 fusion-one-half fusion-column-first special\" style=\"--awb-padding-top:30px;--awb-padding-right:15%;--awb-padding-bottom:30px;--awb-padding-left:30px;--awb-bg-blend:overlay;--awb-bg-size:cover;--awb-margin-bottom:0px;width:48%; margin-right: 4%;\"><div class=\"fusion-column-wrapper fusion-flex-column-wrapper-legacy\"><div class=\"fusion-image-element fusion-image-align-center in-legacy-container\" style=\"text-align:center;--awb-max-width:600px;--awb-caption-title-font-family:var(--h2_typography-font-family);--awb-caption-title-font-weight:var(--h2_typography-font-weight);--awb-caption-title-font-style:var(--h2_typography-font-style);--awb-caption-title-size:var(--h2_typography-font-size);--awb-caption-title-transform:var(--h2_typography-text-transform);--awb-caption-title-line-height:var(--h2_typography-line-height);--awb-caption-title-letter-spacing:var(--h2_typography-letter-spacing);--awb-filter:brightness(83%);--awb-filter-transition:filter 0.3s ease;--awb-filter-hover:brightness(100%);\"><div class=\"imageframe-align-center\"><span class=\" fusion-imageframe imageframe-none imageframe-1 hover-type-none\"><img decoding=\"async\" width=\"1024\" height=\"683\" title=\"Lagerplatz &#8211; 1 von 3\" src=\"https:\/\/jubla-weggis.ch\/jj\/wp-content\/uploads\/2016\/08\/Lagerplatz-1-von-3-1024x683.jpg\" alt class=\"img-responsive wp-image-24621\" srcset=\"https:\/\/jubla-weggis.ch\/jj\/wp-content\/uploads\/2016\/08\/Lagerplatz-1-von-3-300x200.jpg 300w, https:\/\/jubla-weggis.ch\/jj\/wp-content\/uploads\/2016\/08\/Lagerplatz-1-von-3-768x512.jpg 768w, https:\/\/jubla-weggis.ch\/jj\/wp-content\/uploads\/2016\/08\/Lagerplatz-1-von-3-1024x683.jpg 1024w\" sizes=\"(max-width: 1024px) 100vw, 1024px\" \/><\/span><\/div><\/div><div class=\"fusion-clearfix\"><\/div><\/div><\/div><div class=\"fusion-layout-column fusion_builder_column fusion-builder-column-1 fusion_builder_column_1_2 1_2 fusion-one-half fusion-column-last special\" style=\"--awb-padding-top:30px;--awb-padding-right:15%;--awb-padding-bottom:30px;--awb-padding-left:30px;--awb-bg-blend:overlay;--awb-bg-size:cover;--awb-margin-bottom:0px;width:48%;\"><div class=\"fusion-column-wrapper fusion-flex-column-wrapper-legacy\"><div class=\"fusion-text fusion-text-1\"><h1 class=\"fusion-responsive-typography-calculated\" style=\"--fontsize: 55; line-height: 1.09;\" data-fontsize=\"55\" data-lineheight=\"59.95px\">Wer sind wir?<\/h1>\n<\/div><div class=\"fusion-sep-clear\"><\/div><div class=\"fusion-separator fusion-clearfix separator-left\" style=\"float:left;margin-top:0px;margin-bottom:30px;width:100%;max-width:170px;\"><div class=\"fusion-separator-border sep-single sep-solid\" style=\"--awb-height:20px;--awb-amount:20px;--awb-sep-color:#000000;border-color:#000000;border-top-width:1px;\"><\/div><\/div><div class=\"fusion-sep-clear\"><\/div><div class=\"fusion-text fusion-text-2\"><h3 class=\"fusion-responsive-typography-calculated\" style=\"--fontsize: 24; line-height: 2;\" data-fontsize=\"24\" data-lineheight=\"48px\">Wir sind ein Verein von Jugendlichen und Junggebliebenen ab 16 Jahren. Unserem Verein darf man nach seinem Oberstufenabschluss beitreten.<\/h3>\n<\/div><div class=\"fusion-clearfix\"><\/div><\/div><\/div><\/div><\/div><div class=\"fusion-fullwidth fullwidth-box fusion-builder-row-2 nonhundred-percent-fullwidth non-hundred-percent-height-scrolling\" style=\"--awb-background-position:left top;--awb-border-sizes-top:0px;--awb-border-sizes-bottom:0px;--awb-border-sizes-left:0px;--awb-border-sizes-right:0px;--awb-border-radius-top-left:0px;--awb-border-radius-top-right:0px;--awb-border-radius-bottom-right:0px;--awb-border-radius-bottom-left:0px;--awb-padding-top:30px;--awb-padding-bottom:60px;--awb-flex-wrap:wrap;\" ><div class=\"fusion-builder-row fusion-row\"><div class=\"fusion-layout-column fusion_builder_column fusion-builder-column-2 fusion_builder_column_1_2 1_2 fusion-one-half fusion-column-first\" style=\"--awb-bg-size:cover;width:48%; margin-right: 4%;\"><div class=\"fusion-column-wrapper fusion-column-has-shadow fusion-flex-column-wrapper-legacy\"><div class=\"fusion-text fusion-text-3\"><h2>Angebot<\/h2>\n<\/div><div class=\"fusion-clearfix\"><\/div><\/div><\/div><div class=\"fusion-layout-column fusion_builder_column fusion-builder-column-3 fusion_builder_column_1_1 1_1 fusion-one-full fusion-column-last\" style=\"--awb-bg-blend:overlay;--awb-bg-size:cover;\"><div class=\"fusion-column-wrapper fusion-flex-column-wrapper-legacy\"><div class=\"fusion-text fusion-text-4\"><p><span style=\"background-color: rgba(255, 255, 255, 0); color: var(--body_typography-color); font-family: var(--body_typography-font-family); font-size: var(--body_typography-font-size); font-style: var(--body_typography-font-style,normal); font-weight: var(--body_typography-font-weight); letter-spacing: var(--body_typography-letter-spacing);\">Wir bieten j\u00e4hrlich zwei Wochen Sommerlager. Dabei wechseln wir immer zwischen Haus- und Zeltlager. In den ungeraden Jahren findet das Hauslager statt, w\u00e4hrend wir in den geraden zelten. Im Zeltlager gibt es einiges an Komfort zu bestaunen: Es werden Warmwasser-Duschen, Toiletten mit Sp\u00fclung und eine komplette K\u00fcche inklusive Esszelt aufgebaut. Ausserdem begleitet uns jedes Jahr unser Markenzeichen: das Tipi.<\/span><\/p>\n<p>Diesen Sommer f\u00fchrt uns unsere Reise nach Unteriberg im Kanton Schwyz. Das Zeltlager findet vom <strong>Samstag 18.Juli<\/strong> bis am <strong>Freitag 31.Juli<\/strong> statt. Ausf\u00fchrlichere Informationen werden am Infoabend, am Mittwoch 29.April 2026 pr\u00e4sentiert. Der Informationsanlass findet um 19.00 Uhr in der Aula des SEK-Schulhauses D\u00f6rfli in Weggis statt. Die Anmeldung kann ab diesem Datum auf der Website unter Aktuelles &#8211; SOLA 26 heruntergeladen werden.&nbsp;<\/p>\n<p>Abgesehen vom Sommerlager planen wir jedes Jahr ein Pfingstevent, der am Pfingstsonntag stattfindet. Hier kann man Lagerluft schnuppern und f\u00fcr sich entscheiden, ob man diese Erfahrung im Sommer intensivieren m\u00f6chte. Alle zwei Monate findet an einem Samstag ein Anlass statt. Ob fasn\u00e4chtliches Maskenbasteln, eine Schnitzeljagd durch Weggis oder ein Spielturnier. Wir freuen uns auf neue und altbekannte Gesichter. Der n\u00e4chste Anlass findet am Samstag 28.06.25 statt. Mehr Informationen dazu folgen.<\/p>\n<p>Wenn Sie zu Weihnachten im letzten Moment ein Geschenk suchen, ist unser Guetzlibache genau das Richtige f\u00fcr Sie! Kompetente JuBLa-Leiterinnen helfen Ihnen beim Bachen der eigenen Guetzli und verbreiten erst noch weihnachtliche Stimmung.<\/p>\n<\/div><div class=\"fusion-clearfix\"><\/div><\/div><\/div><\/div><\/div><div class=\"fusion-fullwidth fullwidth-box fusion-builder-row-3 nonhundred-percent-fullwidth non-hundred-percent-height-scrolling\" style=\"--awb-border-radius-top-left:0px;--awb-border-radius-top-right:0px;--awb-border-radius-bottom-right:0px;--awb-border-radius-bottom-left:0px;--awb-flex-wrap:wrap;\" ><div class=\"fusion-builder-row fusion-row\"><\/div><\/div><div class=\"fusion-fullwidth fullwidth-box fusion-builder-row-4 fusion-parallax-none nonhundred-percent-fullwidth non-hundred-percent-height-scrolling\" style=\"--awb-border-sizes-top:0px;--awb-border-sizes-bottom:0px;--awb-border-sizes-left:0px;--awb-border-sizes-right:0px;--awb-border-radius-top-left:0px;--awb-border-radius-top-right:0px;--awb-border-radius-bottom-right:0px;--awb-border-radius-bottom-left:0px;--awb-padding-top:354px;--awb-padding-bottom:45px;--awb-margin-top:0px;--awb-background-color:#f0f0ed;--awb-background-image:url(&quot;https:\/\/jubla-weggis.ch\/jj\/wp-content\/uploads\/2014\/08\/IMG_3424.jpg&quot;);--awb-background-size:cover;--awb-flex-wrap:wrap;\" ><div class=\"fusion-builder-row fusion-row\"><div class=\"fusion-layout-column fusion_builder_column fusion-builder-column-4 fusion_builder_column_1_1 1_1 fusion-one-full fusion-column-first fusion-column-last fusion-column-no-min-height\" style=\"--awb-bg-blend:overlay;--awb-bg-size:cover;--awb-margin-bottom:0px;\"><div class=\"fusion-column-wrapper fusion-flex-column-wrapper-legacy\"><div class=\"fusion-sep-clear\"><\/div><div class=\"fusion-separator fusion-full-width-sep\" style=\"margin-left: auto;margin-right: auto;margin-top:20px;width:100%;max-width:100%;\"><\/div><div class=\"fusion-sep-clear\"><\/div><div class=\"fusion-clearfix\"><\/div><\/div><\/div><\/div><\/div><div class=\"fusion-fullwidth fullwidth-box fusion-builder-row-5 nonhundred-percent-fullwidth non-hundred-percent-height-scrolling\" style=\"--awb-background-position:left top;--awb-border-sizes-top:0px;--awb-border-sizes-bottom:0px;--awb-border-sizes-left:0px;--awb-border-sizes-right:0px;--awb-border-radius-top-left:0px;--awb-border-radius-top-right:0px;--awb-border-radius-bottom-right:0px;--awb-border-radius-bottom-left:0px;--awb-padding-top:65px;--awb-padding-bottom:65px;--awb-background-color:#ffffff;--awb-flex-wrap:wrap;\" ><div class=\"fusion-builder-row fusion-row\"><div class=\"fusion-layout-column fusion_builder_column fusion-builder-column-5 fusion_builder_column_1_1 1_1 fusion-one-full fusion-column-first fusion-column-last fusion-column-no-min-height\" style=\"--awb-bg-blend:overlay;--awb-bg-size:cover;--awb-margin-bottom:0px;\"><div class=\"fusion-column-wrapper fusion-flex-column-wrapper-legacy\"><div class=\"fusion-text fusion-text-5\"><h1 class=\"fusion-responsive-typography-calculated\" style=\"text-align: center; --fontsize: 55; line-height: 1.09;\" data-fontsize=\"55\" data-lineheight=\"59.95px\">News<\/h1>\n<\/div><div class=\"fusion-sep-clear\"><\/div><div class=\"fusion-separator\" style=\"margin-left: auto;margin-right: auto;margin-bottom:20px;width:100%;max-width:170px;\"><div class=\"fusion-separator-border sep-single sep-solid\" style=\"--awb-height:20px;--awb-amount:20px;--awb-sep-color:#000000;border-color:#000000;border-top-width:1px;\"><\/div><\/div><div class=\"fusion-sep-clear\"><\/div><div class=\"fusion-clearfix\"><\/div><\/div><\/div><div class=\"fusion-layout-column fusion_builder_column fusion-builder-column-6 fusion_builder_column_1_1 1_1 fusion-one-full fusion-column-first fusion-column-last\" style=\"--awb-bg-blend:overlay;--awb-bg-size:cover;\"><div class=\"fusion-column-wrapper fusion-flex-column-wrapper-legacy\"><div class=\"fusion-blog-shortcode fusion-blog-shortcode-1 fusion-blog-archive fusion-blog-layout-medium fusion-blog-no\"><div class=\"fusion-posts-container fusion-posts-container-no fusion-no-meta-info fusion-blog-rollover\" data-pages=\"24\"><article id=\"blog-1-post-40615\" class=\"fusion-post-medium post-40615 post type-post status-publish format-standard hentry category-jublablog\">\n\t<style type=\"text\/css\">\n\t\t\n\t\t\n\t\t\n\t\t\n\t\t\t<\/style>\n\n\n<div class=\"fusion-post-content post-content\"><h2 class=\"blog-shortcode-post-title entry-title\"><a href=\"https:\/\/jubla-weggis.ch\/jj\/lagerdraht-samstag-02-08-2025\/\">Lagerdraht Samstag 02.08.2025<\/a><\/h2><div class=\"fusion-post-content-container\"><p>Ch\u00f6nder mich nid nachem putze wecke? Zm\u00f6rgele i de Garage und denn 1x Huusputze bitte. Wer putzt am beste? Die \u00e4ltiste Jungs? We doubs it. Bibedibabedi - BOP als [...]<\/p><\/div><\/div><div class=\"fusion-clearfix\"><\/div><\/article>\n<article id=\"blog-1-post-40614\" class=\"fusion-post-medium post-40614 post type-post status-publish format-standard hentry category-jublablog\">\n\t<style type=\"text\/css\">\n\t\t\n\t\t\n\t\t\n\t\t\n\t\t\t<\/style>\n\n\n<div class=\"fusion-post-content post-content\"><h2 class=\"blog-shortcode-post-title entry-title\"><a href=\"https:\/\/jubla-weggis.ch\/jj\/lagerdraht-freitag-01-08-2025\/\">Lagerdraht Freitag 01.08.2025<\/a><\/h2><div class=\"fusion-post-content-container\"><p>Am 10ii ufstah isch usschlafe, egal wenn mer is Bett gad. D\u2019Chuchi erf\u00fcllt ihre Bildigsuftrag mit Geburtstagscherzli. De 1. Augustbrunch st\u00e4rkt alli f\u00fcr s h\u00fctige Programm. Wer h\u00e4tt denkt, [...]<\/p><\/div><\/div><div class=\"fusion-clearfix\"><\/div><\/article>\n<article id=\"blog-1-post-40613\" class=\"fusion-post-medium post-40613 post type-post status-publish format-standard hentry category-jublablog\">\n\t<style type=\"text\/css\">\n\t\t\n\t\t\n\t\t\n\t\t\n\t\t\t<\/style>\n\n\n<div class=\"fusion-post-content post-content\"><h2 class=\"blog-shortcode-post-title entry-title\"><a href=\"https:\/\/jubla-weggis.ch\/jj\/lagerdraht-donnerstag-31-07-2025\/\">Lagerdraht Donnerstag 31.07.2025<\/a><\/h2><div class=\"fusion-post-content-container\"><p>\u00dcberraschigsbsuech vo de Veronika. So schnell hemmer d Pallette no nie belade. D\u2019Sportteams werded vo de TrainerInnen gf\u00f6rderet, sodass sich d\u2019Starathlete i ihrne Paradediszipline ch\u00f6nd messe. Am Namitag stiigt [...]<\/p><\/div><\/div><div class=\"fusion-clearfix\"><\/div><\/article>\n<\/div><\/div><div class=\"fusion-clearfix\"><\/div><\/div><\/div><\/div><\/div><div class=\"fusion-bg-parallax\" data-bg-align=\"center center\" data-direction=\"up\" data-mute=\"false\" data-opacity=\"100\" data-velocity=\"-0.3\" data-mobile-enabled=\"false\" data-break_parents=\"0\" data-bg-image=\"https:\/\/jubla-weggis.ch\/jj\/wp-content\/uploads\/2015\/08\/DSC_1560.jpg\" data-bg-repeat=\"false\" data-bg-color=\"#6666a4\" ><\/div><div class=\"fusion-fullwidth fullwidth-box fusion-builder-row-6 fusion-parallax-up nonhundred-percent-fullwidth non-hundred-percent-height-scrolling\" style=\"--awb-border-sizes-top:0px;--awb-border-sizes-bottom:0px;--awb-border-sizes-left:0px;--awb-border-sizes-right:0px;--awb-border-radius-top-left:0px;--awb-border-radius-top-right:0px;--awb-border-radius-bottom-right:0px;--awb-border-radius-bottom-left:0px;--awb-padding-top:155px;--awb-padding-bottom:282px;--awb-margin-top:0px;--awb-margin-bottom:0px;--awb-background-color:#6666a4;--awb-background-image:url(&quot;https:\/\/jubla-weggis.ch\/jj\/wp-content\/uploads\/2015\/08\/DSC_1560.jpg&quot;);--awb-background-size:cover;--awb-flex-wrap:wrap;\" ><div class=\"fusion-builder-row fusion-row\"><div class=\"fusion-layout-column fusion_builder_column fusion-builder-column-7 fusion_builder_column_1_1 1_1 fusion-one-full fusion-column-first fusion-column-last fusion-column-no-min-height\" style=\"--awb-bg-blend:overlay;--awb-bg-size:cover;--awb-margin-bottom:0px;\"><div class=\"fusion-column-wrapper fusion-flex-column-wrapper-legacy\"><div class=\"fusion-testimonials clean awb-speech-bubble-show fusion-testimonials-1\" style=\"--awb-textcolor:#ffffff;--awb-backgroundcolor:rgba(255,255,255,0);--awb-testimonial-border-style:solid;--awb-testimonial-border-color:var(--awb-color3);--awb-border-top-left-radius:0px;--awb-border-top-right-radius:0px;--awb-border-bottom-left-radius:0px;--awb-border-bottom-right-radius:0px;--testimonial-border-width-top:0px;--testimonial-border-width-right:0px;--testimonial-border-width-bottom:0px;--testimonial-border-width-left:0px;\" data-random=\"0\" data-speed=\"4000\"><div class=\"reviews\"><div class=\"review active-testimonial avatar-above no-avatar\"><blockquote class=\"testimonials-shortcode-blockquote\"><div class=\"awb-quote\"><div class=\"awb-quote-content\">\n<p>\u00abAlle Leiter hatten sehr viel Humor und waren mega lustig und offen.\u00bb<\/p>\n<\/div><\/div><\/blockquote><div class=\"author\"><span class=\"company-name\"><strong>- A., N., L., L. &amp; S., damals 13 Jahre - <\/strong><\/span><\/div><\/div><div class=\"review avatar-above no-avatar\"><blockquote class=\"testimonials-shortcode-blockquote\"><div class=\"awb-quote\"><div class=\"awb-quote-content\">\n<p>\u00abDie Wanderung war voll sch\u00f6n. Wir haben viele Tiere gesehen, z.B. Fr\u00f6sche, K\u00fche, Ziegen und Fische.\u00bb<\/p>\n<\/div><\/div><\/blockquote><div class=\"author\"><span class=\"company-name\"><strong>- L. P., damals 11 Jahre \u2013 <\/strong><\/span><\/div><\/div><div class=\"review avatar-above no-avatar\"><blockquote class=\"testimonials-shortcode-blockquote\"><div class=\"awb-quote\"><div class=\"awb-quote-content\">\n<p>\u00abWir hatten eine sehr tolle Zeit und freuen uns schon auf\u2019s n\u00e4chste Jahr!\u00bb<\/p>\n<\/div><\/div><\/blockquote><div class=\"author\"><span class=\"company-name\"><strong>- R. &amp; T., damals 13 Jahre \u2013 <\/strong><\/span><\/div><\/div><div class=\"review avatar-above no-avatar\"><blockquote class=\"testimonials-shortcode-blockquote\"><div class=\"awb-quote\"><div class=\"awb-quote-content\">\n<p>\u201eDas Lager war wieder mal das Beste in den Sommerferien. Ich freue mich schon auf n\u00e4chstes Jahr.\u201c<\/p>\n<\/div><\/div><\/blockquote><div class=\"author\"><span class=\"company-name\"><strong>- A.P. aus Weggis, damals 14 Jahre -<\/strong>, <span>Your Content Goes Here<\/span><\/span><\/div><\/div><\/div><div class=\"testimonial-pagination\" id=\"fusion-testimonials-1\"><a href=\"#\" aria-label=\"Testimonial Pagination\"  class=\"activeSlide\"><\/a><a href=\"#\" aria-label=\"Testimonial Pagination\" ><\/a><a href=\"#\" aria-label=\"Testimonial Pagination\" ><\/a><a href=\"#\" aria-label=\"Testimonial Pagination\" ><\/a><\/div><\/div><div class=\"fusion-clearfix\"><\/div><\/div><\/div><\/div><\/div><\/p>\n","protected":false},"excerpt":{"rendered":"","protected":false},"author":1,"featured_media":0,"parent":0,"menu_order":0,"comment_status":"closed","ping_status":"open","template":"100-width.php","meta":{"ngg_post_thumbnail":0,"footnotes":""},"class_list":["post-7","page","type-page","status-publish","hentry"],"_links":{"self":[{"href":"https:\/\/jubla-weggis.ch\/jj\/wp-json\/wp\/v2\/pages\/7","targetHints":{"allow":["GET"]}}],"collection":[{"href":"https:\/\/jubla-weggis.ch\/jj\/wp-json\/wp\/v2\/pages"}],"about":[{"href":"https:\/\/jubla-weggis.ch\/jj\/wp-json\/wp\/v2\/types\/page"}],"author":[{"embeddable":true,"href":"https:\/\/jubla-weggis.ch\/jj\/wp-json\/wp\/v2\/users\/1"}],"replies":[{"embeddable":true,"href":"https:\/\/jubla-weggis.ch\/jj\/wp-json\/wp\/v2\/comments?post=7"}],"version-history":[{"count":24,"href":"https:\/\/jubla-weggis.ch\/jj\/wp-json\/wp\/v2\/pages\/7\/revisions"}],"predecessor-version":[{"id":41624,"href":"https:\/\/jubla-weggis.ch\/jj\/wp-json\/wp\/v2\/pages\/7\/revisions\/41624"}],"wp:attachment":[{"href":"https:\/\/jubla-weggis.ch\/jj\/wp-json\/wp\/v2\/media?parent=7"}],"curies":[{"name":"wp","href":"https:\/\/api.w.org\/{rel}","templated":true}]}}